{"id":1085,"date":"2025-10-09T20:16:49","date_gmt":"2025-10-09T18:16:49","guid":{"rendered":"https:\/\/sc-ohlsbach.de\/?page_id=1085"},"modified":"2025-12-18T19:24:54","modified_gmt":"2025-12-18T18:24:54","slug":"mannschaftskleidung","status":"publish","type":"page","link":"https:\/\/sc-ohlsbach.de\/?page_id=1085","title":{"rendered":"Shop Vereinskleidung"},"content":{"rendered":"\n<p class=\"wp-block-paragraph\">Dies ist ein <strong>Non-Profit-Shop<\/strong>. Aus rechtlichen Gr\u00fcnden d\u00fcrfen wir mit dem Shop <strong>keine Einnahmen<\/strong> erzielen. Die dargestellten Artikel sind f\u00fcr Mitglieder des SC Brandeck-Turm e.V. Ohlsbach vorgesehen und dienen als <strong>Vorschlag f\u00fcr ein einheitliches Erscheinungsbild<\/strong> bei diversen Turnieren und Mannschaftsspielen.<\/p>\n\n\n\n<p class=\"wp-block-paragraph\"><strong>Mindest-Bestellmenge<\/strong> beim Hersteller sind 15 Teile (auch unterschiedliche Produkte oder Gr\u00f6\u00dfen). Die Bestellungen werden gesammelt und dann beim Hersteller bestellt.<\/p>\n\n\n\n<p class=\"wp-block-paragraph\"><\/p>\n\n\n\n<p class=\"wp-block-paragraph\"><\/p>\n\n\n\n<p class=\"wp-block-paragraph\">Die angegebenen Preise sind Endpreise<\/p>\n\n\n\n<div class=\"wp-block-media-text is-stacked-on-mobile\"><figure class=\"wp-block-media-text__media\"><img loading=\"lazy\" decoding=\"async\" width=\"1024\" height=\"1024\" src=\"https:\/\/sc-ohlsbach.de\/wp-content\/uploads\/2025\/10\/Kapuzensweat.jpg\" alt=\"\" class=\"wp-image-1090 size-full\" srcset=\"https:\/\/sc-ohlsbach.de\/wp-content\/uploads\/2025\/10\/Kapuzensweat.jpg 1024w, https:\/\/sc-ohlsbach.de\/wp-content\/uploads\/2025\/10\/Kapuzensweat-300x300.jpg 300w, https:\/\/sc-ohlsbach.de\/wp-content\/uploads\/2025\/10\/Kapuzensweat-150x150.jpg 150w, https:\/\/sc-ohlsbach.de\/wp-content\/uploads\/2025\/10\/Kapuzensweat-768x768.jpg 768w, https:\/\/sc-ohlsbach.de\/wp-content\/uploads\/2025\/10\/Kapuzensweat-270x270.jpg 270w\" sizes=\"auto, (max-width: 1024px) 100vw, 1024px\" \/><\/figure><div class=\"wp-block-media-text__content\">\n<figure class=\"wp-block-image size-full\"><img loading=\"lazy\" decoding=\"async\" width=\"1017\" height=\"658\" src=\"https:\/\/sc-ohlsbach.de\/wp-content\/uploads\/2025\/10\/Product-DimensionsKapuzen-Sweater-standard-ST-340-Page-01-Snapshot-01.png\" alt=\"\" class=\"wp-image-1091\" srcset=\"https:\/\/sc-ohlsbach.de\/wp-content\/uploads\/2025\/10\/Product-DimensionsKapuzen-Sweater-standard-ST-340-Page-01-Snapshot-01.png 1017w, https:\/\/sc-ohlsbach.de\/wp-content\/uploads\/2025\/10\/Product-DimensionsKapuzen-Sweater-standard-ST-340-Page-01-Snapshot-01-300x194.png 300w, https:\/\/sc-ohlsbach.de\/wp-content\/uploads\/2025\/10\/Product-DimensionsKapuzen-Sweater-standard-ST-340-Page-01-Snapshot-01-768x497.png 768w, https:\/\/sc-ohlsbach.de\/wp-content\/uploads\/2025\/10\/Product-DimensionsKapuzen-Sweater-standard-ST-340-Page-01-Snapshot-01-417x270.png 417w\" sizes=\"auto, (max-width: 1017px) 100vw, 1017px\" \/><\/figure>\n\n\n\n<p class=\"wp-block-paragraph\">30,00 EUR<\/p>\n<\/div><\/div>\n\n\n\n<div class=\"wp-block-media-text is-stacked-on-mobile\"><figure class=\"wp-block-media-text__media\"><img loading=\"lazy\" decoding=\"async\" width=\"1024\" height=\"1024\" src=\"https:\/\/sc-ohlsbach.de\/wp-content\/uploads\/2025\/10\/KapuzensweatJacke.jpg\" alt=\"\" class=\"wp-image-1093 size-full\" srcset=\"https:\/\/sc-ohlsbach.de\/wp-content\/uploads\/2025\/10\/KapuzensweatJacke.jpg 1024w, https:\/\/sc-ohlsbach.de\/wp-content\/uploads\/2025\/10\/KapuzensweatJacke-300x300.jpg 300w, https:\/\/sc-ohlsbach.de\/wp-content\/uploads\/2025\/10\/KapuzensweatJacke-150x150.jpg 150w, https:\/\/sc-ohlsbach.de\/wp-content\/uploads\/2025\/10\/KapuzensweatJacke-768x768.jpg 768w, https:\/\/sc-ohlsbach.de\/wp-content\/uploads\/2025\/10\/KapuzensweatJacke-270x270.jpg 270w\" sizes=\"auto, (max-width: 1024px) 100vw, 1024px\" \/><\/figure><div class=\"wp-block-media-text__content\">\n<figure class=\"wp-block-image size-full\"><img loading=\"lazy\" decoding=\"async\" width=\"1024\" height=\"661\" src=\"https:\/\/sc-ohlsbach.de\/wp-content\/uploads\/2025\/10\/Product-DimensionsKapuzen-Sweatjacke-standard-ST-320-Page-01-Snapshot-02.png\" alt=\"\" class=\"wp-image-1101\" srcset=\"https:\/\/sc-ohlsbach.de\/wp-content\/uploads\/2025\/10\/Product-DimensionsKapuzen-Sweatjacke-standard-ST-320-Page-01-Snapshot-02.png 1024w, https:\/\/sc-ohlsbach.de\/wp-content\/uploads\/2025\/10\/Product-DimensionsKapuzen-Sweatjacke-standard-ST-320-Page-01-Snapshot-02-300x194.png 300w, https:\/\/sc-ohlsbach.de\/wp-content\/uploads\/2025\/10\/Product-DimensionsKapuzen-Sweatjacke-standard-ST-320-Page-01-Snapshot-02-768x496.png 768w, https:\/\/sc-ohlsbach.de\/wp-content\/uploads\/2025\/10\/Product-DimensionsKapuzen-Sweatjacke-standard-ST-320-Page-01-Snapshot-02-418x270.png 418w\" sizes=\"auto, (max-width: 1024px) 100vw, 1024px\" \/><\/figure>\n\n\n\n<p class=\"wp-block-paragraph\">30,00 EUR<\/p>\n<\/div><\/div>\n\n\n\n<div class=\"wp-block-media-text is-stacked-on-mobile\"><figure class=\"wp-block-media-text__media\"><img loading=\"lazy\" decoding=\"async\" width=\"1024\" height=\"1024\" src=\"https:\/\/sc-ohlsbach.de\/wp-content\/uploads\/2025\/10\/PoloshirtweissStreifen.jpg\" alt=\"\" class=\"wp-image-1095 size-full\" srcset=\"https:\/\/sc-ohlsbach.de\/wp-content\/uploads\/2025\/10\/PoloshirtweissStreifen.jpg 1024w, https:\/\/sc-ohlsbach.de\/wp-content\/uploads\/2025\/10\/PoloshirtweissStreifen-300x300.jpg 300w, https:\/\/sc-ohlsbach.de\/wp-content\/uploads\/2025\/10\/PoloshirtweissStreifen-150x150.jpg 150w, https:\/\/sc-ohlsbach.de\/wp-content\/uploads\/2025\/10\/PoloshirtweissStreifen-768x768.jpg 768w, https:\/\/sc-ohlsbach.de\/wp-content\/uploads\/2025\/10\/PoloshirtweissStreifen-270x270.jpg 270w\" sizes=\"auto, (max-width: 1024px) 100vw, 1024px\" \/><\/figure><div class=\"wp-block-media-text__content\">\n<figure class=\"wp-block-image size-full\"><img loading=\"lazy\" decoding=\"async\" width=\"1003\" height=\"656\" src=\"https:\/\/sc-ohlsbach.de\/wp-content\/uploads\/2025\/10\/Product-DimensionsPolo-Shirt-ST-203-Page-01-Snapshot-01.png\" alt=\"\" class=\"wp-image-1103\" srcset=\"https:\/\/sc-ohlsbach.de\/wp-content\/uploads\/2025\/10\/Product-DimensionsPolo-Shirt-ST-203-Page-01-Snapshot-01.png 1003w, https:\/\/sc-ohlsbach.de\/wp-content\/uploads\/2025\/10\/Product-DimensionsPolo-Shirt-ST-203-Page-01-Snapshot-01-300x196.png 300w, https:\/\/sc-ohlsbach.de\/wp-content\/uploads\/2025\/10\/Product-DimensionsPolo-Shirt-ST-203-Page-01-Snapshot-01-768x502.png 768w, https:\/\/sc-ohlsbach.de\/wp-content\/uploads\/2025\/10\/Product-DimensionsPolo-Shirt-ST-203-Page-01-Snapshot-01-413x270.png 413w\" sizes=\"auto, (max-width: 1003px) 100vw, 1003px\" \/><\/figure>\n\n\n\n<p class=\"wp-block-paragraph\">21,00 EUR<\/p>\n<\/div><\/div>\n\n\n\n<div class=\"wp-block-media-text is-stacked-on-mobile\"><figure class=\"wp-block-media-text__media\"><img loading=\"lazy\" decoding=\"async\" width=\"1024\" height=\"1024\" src=\"https:\/\/sc-ohlsbach.de\/wp-content\/uploads\/2025\/10\/PoloshirtLangarm.jpg\" alt=\"\" class=\"wp-image-1096 size-full\" srcset=\"https:\/\/sc-ohlsbach.de\/wp-content\/uploads\/2025\/10\/PoloshirtLangarm.jpg 1024w, https:\/\/sc-ohlsbach.de\/wp-content\/uploads\/2025\/10\/PoloshirtLangarm-300x300.jpg 300w, https:\/\/sc-ohlsbach.de\/wp-content\/uploads\/2025\/10\/PoloshirtLangarm-150x150.jpg 150w, https:\/\/sc-ohlsbach.de\/wp-content\/uploads\/2025\/10\/PoloshirtLangarm-768x768.jpg 768w, https:\/\/sc-ohlsbach.de\/wp-content\/uploads\/2025\/10\/PoloshirtLangarm-270x270.jpg 270w\" sizes=\"auto, (max-width: 1024px) 100vw, 1024px\" \/><\/figure><div class=\"wp-block-media-text__content\">\n<figure class=\"wp-block-image size-full\"><img loading=\"lazy\" decoding=\"async\" width=\"1014\" height=\"654\" src=\"https:\/\/sc-ohlsbach.de\/wp-content\/uploads\/2025\/10\/Product-DimensionsPolo-Shirt-LA-standard-ST-201-Page-01-Snapshot-01.png\" alt=\"\" class=\"wp-image-1105\" srcset=\"https:\/\/sc-ohlsbach.de\/wp-content\/uploads\/2025\/10\/Product-DimensionsPolo-Shirt-LA-standard-ST-201-Page-01-Snapshot-01.png 1014w, https:\/\/sc-ohlsbach.de\/wp-content\/uploads\/2025\/10\/Product-DimensionsPolo-Shirt-LA-standard-ST-201-Page-01-Snapshot-01-300x193.png 300w, https:\/\/sc-ohlsbach.de\/wp-content\/uploads\/2025\/10\/Product-DimensionsPolo-Shirt-LA-standard-ST-201-Page-01-Snapshot-01-768x495.png 768w, https:\/\/sc-ohlsbach.de\/wp-content\/uploads\/2025\/10\/Product-DimensionsPolo-Shirt-LA-standard-ST-201-Page-01-Snapshot-01-419x270.png 419w\" sizes=\"auto, (max-width: 1014px) 100vw, 1014px\" \/><\/figure>\n\n\n\n<p class=\"wp-block-paragraph\">21,00 EUR<\/p>\n<\/div><\/div>\n\n\n\n<div class=\"wp-block-media-text is-stacked-on-mobile\"><figure class=\"wp-block-media-text__media\"><img loading=\"lazy\" decoding=\"async\" width=\"1024\" height=\"1024\" src=\"https:\/\/sc-ohlsbach.de\/wp-content\/uploads\/2025\/10\/ToyerBordeaux.jpg\" alt=\"\" class=\"wp-image-1097 size-full\" srcset=\"https:\/\/sc-ohlsbach.de\/wp-content\/uploads\/2025\/10\/ToyerBordeaux.jpg 1024w, https:\/\/sc-ohlsbach.de\/wp-content\/uploads\/2025\/10\/ToyerBordeaux-300x300.jpg 300w, https:\/\/sc-ohlsbach.de\/wp-content\/uploads\/2025\/10\/ToyerBordeaux-150x150.jpg 150w, https:\/\/sc-ohlsbach.de\/wp-content\/uploads\/2025\/10\/ToyerBordeaux-768x768.jpg 768w, https:\/\/sc-ohlsbach.de\/wp-content\/uploads\/2025\/10\/ToyerBordeaux-270x270.jpg 270w\" sizes=\"auto, (max-width: 1024px) 100vw, 1024px\" \/><\/figure><div class=\"wp-block-media-text__content\">\n<figure class=\"wp-block-image size-full is-resized\"><img loading=\"lazy\" decoding=\"async\" width=\"1014\" height=\"628\" src=\"https:\/\/sc-ohlsbach.de\/wp-content\/uploads\/2025\/10\/Product-DimensionsTroyer-ST-350-Page-01-Snapshot-01.png\" alt=\"\" class=\"wp-image-1107\" style=\"aspect-ratio:1.6147464778659801;width:396px;height:auto\" srcset=\"https:\/\/sc-ohlsbach.de\/wp-content\/uploads\/2025\/10\/Product-DimensionsTroyer-ST-350-Page-01-Snapshot-01.png 1014w, https:\/\/sc-ohlsbach.de\/wp-content\/uploads\/2025\/10\/Product-DimensionsTroyer-ST-350-Page-01-Snapshot-01-300x186.png 300w, https:\/\/sc-ohlsbach.de\/wp-content\/uploads\/2025\/10\/Product-DimensionsTroyer-ST-350-Page-01-Snapshot-01-768x476.png 768w, https:\/\/sc-ohlsbach.de\/wp-content\/uploads\/2025\/10\/Product-DimensionsTroyer-ST-350-Page-01-Snapshot-01-436x270.png 436w\" sizes=\"auto, (max-width: 1014px) 100vw, 1014px\" \/><\/figure>\n\n\n\n<p class=\"wp-block-paragraph\">30,00 EUR<\/p>\n<\/div><\/div>\n\n\n\n<div class=\"wp-block-media-text is-stacked-on-mobile\"><figure class=\"wp-block-media-text__media\"><img loading=\"lazy\" decoding=\"async\" width=\"1024\" height=\"1024\" src=\"https:\/\/sc-ohlsbach.de\/wp-content\/uploads\/2025\/11\/image-2.png\" alt=\"\" class=\"wp-image-1184 size-full\" srcset=\"https:\/\/sc-ohlsbach.de\/wp-content\/uploads\/2025\/11\/image-2.png 1024w, https:\/\/sc-ohlsbach.de\/wp-content\/uploads\/2025\/11\/image-2-300x300.png 300w, https:\/\/sc-ohlsbach.de\/wp-content\/uploads\/2025\/11\/image-2-150x150.png 150w, https:\/\/sc-ohlsbach.de\/wp-content\/uploads\/2025\/11\/image-2-768x768.png 768w, https:\/\/sc-ohlsbach.de\/wp-content\/uploads\/2025\/11\/image-2-270x270.png 270w\" sizes=\"auto, (max-width: 1024px) 100vw, 1024px\" \/><\/figure><div class=\"wp-block-media-text__content\">\n<figure class=\"wp-block-image size-large\"><img loading=\"lazy\" decoding=\"async\" width=\"1024\" height=\"647\" src=\"https:\/\/sc-ohlsbach.de\/wp-content\/uploads\/2025\/11\/image-3-1024x647.png\" alt=\"\" class=\"wp-image-1185\" srcset=\"https:\/\/sc-ohlsbach.de\/wp-content\/uploads\/2025\/11\/image-3-1024x647.png 1024w, https:\/\/sc-ohlsbach.de\/wp-content\/uploads\/2025\/11\/image-3-300x190.png 300w, https:\/\/sc-ohlsbach.de\/wp-content\/uploads\/2025\/11\/image-3-768x485.png 768w, https:\/\/sc-ohlsbach.de\/wp-content\/uploads\/2025\/11\/image-3-427x270.png 427w, https:\/\/sc-ohlsbach.de\/wp-content\/uploads\/2025\/11\/image-3.png 1382w\" sizes=\"auto, (max-width: 1024px) 100vw, 1024px\" \/><\/figure>\n\n\n\n<p class=\"has-small-font-size wp-block-paragraph\"><strong>Material: <\/strong>93 % Polyester, 7 % Elasthan \/ ca. 320 g\/m\u00b2 \/ Wassers\u00e4ule: 10000 &#8211; 20000mm \/ Atmungsaktiv: 7000-12000 g\/m\u00b2\/ 24h (getestet nach US-Standard)<\/p>\n\n\n\n<p class=\"wp-block-paragraph\">60,00 EUR<\/p>\n<\/div><\/div>\n\n\n\n<div class=\"wp-block-media-text is-stacked-on-mobile\"><figure class=\"wp-block-media-text__media\"><img loading=\"lazy\" decoding=\"async\" width=\"1024\" height=\"1024\" src=\"https:\/\/sc-ohlsbach.de\/wp-content\/uploads\/2025\/11\/SteppwesteBordeaux.jpg\" alt=\"\" class=\"wp-image-1187 size-full\" srcset=\"https:\/\/sc-ohlsbach.de\/wp-content\/uploads\/2025\/11\/SteppwesteBordeaux.jpg 1024w, https:\/\/sc-ohlsbach.de\/wp-content\/uploads\/2025\/11\/SteppwesteBordeaux-300x300.jpg 300w, https:\/\/sc-ohlsbach.de\/wp-content\/uploads\/2025\/11\/SteppwesteBordeaux-150x150.jpg 150w, https:\/\/sc-ohlsbach.de\/wp-content\/uploads\/2025\/11\/SteppwesteBordeaux-768x768.jpg 768w, https:\/\/sc-ohlsbach.de\/wp-content\/uploads\/2025\/11\/SteppwesteBordeaux-270x270.jpg 270w\" sizes=\"auto, (max-width: 1024px) 100vw, 1024px\" \/><\/figure><div class=\"wp-block-media-text__content\">\n<figure class=\"wp-block-image size-full\"><img loading=\"lazy\" decoding=\"async\" width=\"1013\" height=\"657\" src=\"https:\/\/sc-ohlsbach.de\/wp-content\/uploads\/2025\/10\/Product-DimensionsSteppweste-ST-445-Page-01-Snapshot-01.png\" alt=\"\" class=\"wp-image-1109\" srcset=\"https:\/\/sc-ohlsbach.de\/wp-content\/uploads\/2025\/10\/Product-DimensionsSteppweste-ST-445-Page-01-Snapshot-01.png 1013w, https:\/\/sc-ohlsbach.de\/wp-content\/uploads\/2025\/10\/Product-DimensionsSteppweste-ST-445-Page-01-Snapshot-01-300x195.png 300w, https:\/\/sc-ohlsbach.de\/wp-content\/uploads\/2025\/10\/Product-DimensionsSteppweste-ST-445-Page-01-Snapshot-01-768x498.png 768w, https:\/\/sc-ohlsbach.de\/wp-content\/uploads\/2025\/10\/Product-DimensionsSteppweste-ST-445-Page-01-Snapshot-01-416x270.png 416w\" sizes=\"auto, (max-width: 1013px) 100vw, 1013px\" \/><\/figure>\n\n\n\n<p class=\"wp-block-paragraph\">50,00 EUR<\/p>\n<\/div><\/div>\n\n\n\n<div class=\"wp-block-media-text is-stacked-on-mobile\"><figure class=\"wp-block-media-text__media\"><img loading=\"lazy\" decoding=\"async\" width=\"903\" height=\"731\" src=\"https:\/\/sc-ohlsbach.de\/wp-content\/uploads\/2025\/10\/Schachclub-Ohlsbach-Stick-Logo.jpg\" alt=\"\" class=\"wp-image-1167 size-full\" srcset=\"https:\/\/sc-ohlsbach.de\/wp-content\/uploads\/2025\/10\/Schachclub-Ohlsbach-Stick-Logo.jpg 903w, https:\/\/sc-ohlsbach.de\/wp-content\/uploads\/2025\/10\/Schachclub-Ohlsbach-Stick-Logo-300x243.jpg 300w, https:\/\/sc-ohlsbach.de\/wp-content\/uploads\/2025\/10\/Schachclub-Ohlsbach-Stick-Logo-768x622.jpg 768w, https:\/\/sc-ohlsbach.de\/wp-content\/uploads\/2025\/10\/Schachclub-Ohlsbach-Stick-Logo-334x270.jpg 334w\" sizes=\"auto, (max-width: 903px) 100vw, 903px\" \/><\/figure><div class=\"wp-block-media-text__content\">\n<p class=\"wp-block-paragraph\">Die Bekleidung wird mit unserem Vereinslogo bestickt.<\/p>\n<\/div><\/div>\n","protected":false},"excerpt":{"rendered":"<p>Dies ist ein Non-Profit-Shop. Aus rechtlichen Gr\u00fcnden d\u00fcrfen wir mit dem Shop keine Einnahmen erzielen. Die dargestellten Artikel sind f\u00fcr Mitglieder des SC Brandeck-Turm e.V. Ohlsbach vorgesehen und dienen als Vorschlag f\u00fcr ein einheitliches Erscheinungsbild bei diversen Turnieren und Mannschaftsspielen. Mindest-Bestellmenge beim Hersteller sind 15 Teile (auch unterschiedliche Produkte oder Gr\u00f6\u00dfen). Die Bestellungen werden gesammelt und dann beim Hersteller bestellt. Die angegebenen Preise sind Endpreise Die Bekleidung wird mit unserem Vereinslogo bestickt.<\/p>\n","protected":false},"author":1,"featured_media":0,"parent":0,"menu_order":0,"comment_status":"closed","ping_status":"closed","template":"","meta":{"_crdt_document":"","_price":"","_stock":"","_tribe_ticket_header":"","_tribe_default_ticket_provider":"","_tribe_ticket_capacity":"0","_ticket_start_date":"","_ticket_end_date":"","_tribe_ticket_show_description":"","_tribe_ticket_show_not_going":false,"_tribe_ticket_use_global_stock":"","_tribe_ticket_global_stock_level":"","_global_stock_mode":"","_global_stock_cap":"","_tribe_rsvp_for_event":"","_tribe_ticket_going_count":"","_tribe_ticket_not_going_count":"","_tribe_tickets_list":"[]","_tribe_ticket_has_attendee_info_fields":false,"_kadence_starter_templates_imported_post":false,"_swpsp_post_exclude":false,"footnotes":"","_tec_slr_enabled":"","_tec_slr_layout":""},"class_list":["post-1085","page","type-page","status-publish","hentry"],"ticketed":false,"_links":{"self":[{"href":"https:\/\/sc-ohlsbach.de\/index.php?rest_route=\/wp\/v2\/pages\/1085","targetHints":{"allow":["GET"]}}],"collection":[{"href":"https:\/\/sc-ohlsbach.de\/index.php?rest_route=\/wp\/v2\/pages"}],"about":[{"href":"https:\/\/sc-ohlsbach.de\/index.php?rest_route=\/wp\/v2\/types\/page"}],"author":[{"embeddable":true,"href":"https:\/\/sc-ohlsbach.de\/index.php?rest_route=\/wp\/v2\/users\/1"}],"replies":[{"embeddable":true,"href":"https:\/\/sc-ohlsbach.de\/index.php?rest_route=%2Fwp%2Fv2%2Fcomments&post=1085"}],"version-history":[{"count":32,"href":"https:\/\/sc-ohlsbach.de\/index.php?rest_route=\/wp\/v2\/pages\/1085\/revisions"}],"predecessor-version":[{"id":1302,"href":"https:\/\/sc-ohlsbach.de\/index.php?rest_route=\/wp\/v2\/pages\/1085\/revisions\/1302"}],"wp:attachment":[{"href":"https:\/\/sc-ohlsbach.de\/index.php?rest_route=%2Fwp%2Fv2%2Fmedia&parent=1085"}],"curies":[{"name":"wp","href":"https:\/\/api.w.org\/{rel}","templated":true}]}}