{"id":267,"date":"2025-07-28T23:21:18","date_gmt":"2025-07-28T21:21:18","guid":{"rendered":"https:\/\/sc-ohlsbach.de\/?page_id=267"},"modified":"2025-09-07T13:34:14","modified_gmt":"2025-09-07T11:34:14","slug":"spiellokal","status":"publish","type":"page","link":"https:\/\/sc-ohlsbach.de\/?page_id=267","title":{"rendered":"Spiellokal"},"content":{"rendered":"\n<p class=\"wp-block-paragraph\">Unser Spiellokal befindet sich im <strong>Dorfgemeinschaftshaus Zipfelhusen, Wei\u00dfenbach 1, 77797 Ohlsbach<\/strong><\/p>\n\n\n\n<p class=\"wp-block-paragraph\">Die Vereinsabende finden jeweils<strong> freitags<\/strong> statt.<\/p>\n\n\n\n<p class=\"wp-block-paragraph\">Kinder \/ Jugendliche bis 14 Jahren ab 18:30 Uhr &#8211; 19:30 Uhr<\/p>\n\n\n\n<p class=\"wp-block-paragraph\">Erwachsene und \u00e4ltere Jugendliche ab 19:00 Uhr<\/p>\n\n\n\n<p class=\"wp-block-paragraph\"><\/p>\n\n\n\n<p class=\"wp-block-paragraph\"><\/p>\n\n\n\n<figure class=\"wp-block-image size-large is-resized\"><img loading=\"lazy\" decoding=\"async\" width=\"1024\" height=\"768\" src=\"https:\/\/sc-ohlsbach.de\/wp-content\/uploads\/2025\/07\/Ansicht-1-DG-Turnieraufbau-1024x768.jpg\" alt=\"\" class=\"wp-image-374\" style=\"width:796px;height:auto\" srcset=\"https:\/\/sc-ohlsbach.de\/wp-content\/uploads\/2025\/07\/Ansicht-1-DG-Turnieraufbau-1024x768.jpg 1024w, https:\/\/sc-ohlsbach.de\/wp-content\/uploads\/2025\/07\/Ansicht-1-DG-Turnieraufbau-300x225.jpg 300w, https:\/\/sc-ohlsbach.de\/wp-content\/uploads\/2025\/07\/Ansicht-1-DG-Turnieraufbau-768x576.jpg 768w, https:\/\/sc-ohlsbach.de\/wp-content\/uploads\/2025\/07\/Ansicht-1-DG-Turnieraufbau-1536x1152.jpg 1536w, https:\/\/sc-ohlsbach.de\/wp-content\/uploads\/2025\/07\/Ansicht-1-DG-Turnieraufbau-360x270.jpg 360w, https:\/\/sc-ohlsbach.de\/wp-content\/uploads\/2025\/07\/Ansicht-1-DG-Turnieraufbau.jpg 2048w\" sizes=\"auto, (max-width: 1024px) 100vw, 1024px\" \/><\/figure>\n\n\n\n<p class=\"wp-block-paragraph\">Den <strong>gro\u00dfen Saal im Dachgeschoss<\/strong> nutzen wir f\u00fcr Mannschaftsk\u00e4mpfe und Schachturniere mit bis zu 40 Teilnehmern.<\/p>\n\n\n\n<p class=\"wp-block-paragraph\"><\/p>\n\n\n\n<p class=\"wp-block-paragraph\"><\/p>\n\n\n\n<figure class=\"wp-block-gallery has-nested-images columns-default is-cropped wp-block-gallery-1 is-layout-flex wp-block-gallery-is-layout-flex\">\n<figure class=\"wp-block-image size-large\"><img loading=\"lazy\" decoding=\"async\" width=\"768\" height=\"1024\" data-id=\"921\" src=\"https:\/\/sc-ohlsbach.de\/wp-content\/uploads\/2025\/09\/2025_Zipfelhusen_MG1-768x1024.jpg\" alt=\"\" class=\"wp-image-921\" srcset=\"https:\/\/sc-ohlsbach.de\/wp-content\/uploads\/2025\/09\/2025_Zipfelhusen_MG1-768x1024.jpg 768w, https:\/\/sc-ohlsbach.de\/wp-content\/uploads\/2025\/09\/2025_Zipfelhusen_MG1-225x300.jpg 225w, https:\/\/sc-ohlsbach.de\/wp-content\/uploads\/2025\/09\/2025_Zipfelhusen_MG1-1152x1536.jpg 1152w, https:\/\/sc-ohlsbach.de\/wp-content\/uploads\/2025\/09\/2025_Zipfelhusen_MG1-1536x2048.jpg 1536w, https:\/\/sc-ohlsbach.de\/wp-content\/uploads\/2025\/09\/2025_Zipfelhusen_MG1-203x270.jpg 203w, https:\/\/sc-ohlsbach.de\/wp-content\/uploads\/2025\/09\/2025_Zipfelhusen_MG1-scaled.jpg 1920w\" sizes=\"auto, (max-width: 768px) 100vw, 768px\" \/><\/figure>\n\n\n\n<figure class=\"wp-block-image size-large\"><img loading=\"lazy\" decoding=\"async\" width=\"829\" height=\"1024\" data-id=\"920\" src=\"https:\/\/sc-ohlsbach.de\/wp-content\/uploads\/2025\/09\/2025_Zipfelhusen_MG2-829x1024.jpg\" alt=\"\" class=\"wp-image-920\" srcset=\"https:\/\/sc-ohlsbach.de\/wp-content\/uploads\/2025\/09\/2025_Zipfelhusen_MG2-829x1024.jpg 829w, https:\/\/sc-ohlsbach.de\/wp-content\/uploads\/2025\/09\/2025_Zipfelhusen_MG2-243x300.jpg 243w, https:\/\/sc-ohlsbach.de\/wp-content\/uploads\/2025\/09\/2025_Zipfelhusen_MG2-768x948.jpg 768w, https:\/\/sc-ohlsbach.de\/wp-content\/uploads\/2025\/09\/2025_Zipfelhusen_MG2-1244x1536.jpg 1244w, https:\/\/sc-ohlsbach.de\/wp-content\/uploads\/2025\/09\/2025_Zipfelhusen_MG2-1659x2048.jpg 1659w, https:\/\/sc-ohlsbach.de\/wp-content\/uploads\/2025\/09\/2025_Zipfelhusen_MG2-219x270.jpg 219w\" sizes=\"auto, (max-width: 829px) 100vw, 829px\" \/><\/figure>\n<\/figure>\n\n\n\n<p class=\"wp-block-paragraph\">In unserem hellen und freundlichen <strong>\u00dcbungsraum im Mittelgeschoss<\/strong> finden die Vereinsabende statt. Zur Ausbildung unserer Kinder und Jugendlichen nutzen wir modernstes Equipment. <\/p>\n\n\n\n<p class=\"wp-block-paragraph\">Der Zugang zu allen R\u00e4umen ist <strong>barrierefrei.<\/strong><\/p>\n\n\n\n<p class=\"wp-block-paragraph\"><strong>Parkpl\u00e4tze<\/strong> finden Sie am <strong>Boerscher Platz<\/strong> &#8211; hinter dem Rathaus (Fu\u00dfweg ca. 100m) <\/p>\n","protected":false},"excerpt":{"rendered":"<p>Unser Spiellokal befindet sich im Dorfgemeinschaftshaus Zipfelhusen, Wei\u00dfenbach 1, 77797 Ohlsbach Die Vereinsabende finden jeweils freitags statt. Kinder \/ Jugendliche bis 14 Jahren ab 18:30 Uhr &#8211; 19:30 Uhr Erwachsene und \u00e4ltere Jugendliche ab 19:00 Uhr Den gro\u00dfen Saal im Dachgeschoss nutzen wir f\u00fcr Mannschaftsk\u00e4mpfe und Schachturniere mit bis zu 40 Teilnehmern. In unserem hellen und freundlichen \u00dcbungsraum im Mittelgeschoss finden die Vereinsabende statt. Zur Ausbildung unserer Kinder und Jugendlichen nutzen wir modernstes Equipment. Der Zugang zu allen R\u00e4umen ist&#8230;<\/p>\n<p class=\"read-more\"><a class=\"btn btn-default\" href=\"https:\/\/sc-ohlsbach.de\/?page_id=267\">Weiterlesen<span class=\"screen-reader-text\"> Weiterlesen<\/span><\/a><\/p>\n","protected":false},"author":1,"featured_media":220,"parent":0,"menu_order":0,"comment_status":"closed","ping_status":"closed","template":"","meta":{"_crdt_document":"","_price":"","_stock":"","_tribe_ticket_header":"","_tribe_default_ticket_provider":"","_tribe_ticket_capacity":"0","_ticket_start_date":"","_ticket_end_date":"","_tribe_ticket_show_description":"","_tribe_ticket_show_not_going":false,"_tribe_ticket_use_global_stock":"","_tribe_ticket_global_stock_level":"","_global_stock_mode":"","_global_stock_cap":"","_tribe_rsvp_for_event":"","_tribe_ticket_going_count":"","_tribe_ticket_not_going_count":"","_tribe_tickets_list":"[]","_tribe_ticket_has_attendee_info_fields":false,"_kadence_starter_templates_imported_post":false,"_swpsp_post_exclude":false,"footnotes":"","_tec_slr_enabled":"","_tec_slr_layout":""},"class_list":["post-267","page","type-page","status-publish","has-post-thumbnail","hentry"],"ticketed":false,"_links":{"self":[{"href":"https:\/\/sc-ohlsbach.de\/index.php?rest_route=\/wp\/v2\/pages\/267","targetHints":{"allow":["GET"]}}],"collection":[{"href":"https:\/\/sc-ohlsbach.de\/index.php?rest_route=\/wp\/v2\/pages"}],"about":[{"href":"https:\/\/sc-ohlsbach.de\/index.php?rest_route=\/wp\/v2\/types\/page"}],"author":[{"embeddable":true,"href":"https:\/\/sc-ohlsbach.de\/index.php?rest_route=\/wp\/v2\/users\/1"}],"replies":[{"embeddable":true,"href":"https:\/\/sc-ohlsbach.de\/index.php?rest_route=%2Fwp%2Fv2%2Fcomments&post=267"}],"version-history":[{"count":22,"href":"https:\/\/sc-ohlsbach.de\/index.php?rest_route=\/wp\/v2\/pages\/267\/revisions"}],"predecessor-version":[{"id":924,"href":"https:\/\/sc-ohlsbach.de\/index.php?rest_route=\/wp\/v2\/pages\/267\/revisions\/924"}],"wp:featuredmedia":[{"embeddable":true,"href":"https:\/\/sc-ohlsbach.de\/index.php?rest_route=\/wp\/v2\/media\/220"}],"wp:attachment":[{"href":"https:\/\/sc-ohlsbach.de\/index.php?rest_route=%2Fwp%2Fv2%2Fmedia&parent=267"}],"curies":[{"name":"wp","href":"https:\/\/api.w.org\/{rel}","templated":true}]}}