{"id":337,"date":"2025-07-30T15:00:17","date_gmt":"2025-07-30T13:00:17","guid":{"rendered":"https:\/\/sc-ohlsbach.de\/?page_id=337"},"modified":"2026-01-26T15:33:12","modified_gmt":"2026-01-26T14:33:12","slug":"kt-2025","status":"publish","type":"page","link":"https:\/\/sc-ohlsbach.de\/?page_id=337","title":{"rendered":"Kinder- und Sch\u00fclerturnier 2025"},"content":{"rendered":"\n<p class=\"wp-block-paragraph\">Am Samstag, den 12.04.2025 fand das Kinderturnier 2025 statt.<\/p>\n\n\n\n<p class=\"wp-block-paragraph\">Es war ein Einladungsturnier f\u00fcr Kinder, die neu in ihren Vereinen sind oder \u00fcber Schulschach-Gruppen an das Schachspiel herangef\u00fchrt wurden. F\u00fcr viele Kinder war es das erste Turnier.&nbsp;<\/p>\n\n\n\n<p class=\"wp-block-paragraph\">In der<strong>&nbsp;<\/strong><strong>A-Gruppe<\/strong>&nbsp;starteten Kinder, die schon gr\u00f6\u00dfere Erfahrungen hatten und dies teilweise auch in Verbandsmannschaften im Ligabetrieb nachweisen konnten. Der A-Gruppe wurden 7 Kinder zugeteilt, die in einem&nbsp;<strong>Rundenturnier jeder gegen jeden<\/strong>&nbsp;antraten.<\/p>\n\n\n\n<figure class=\"wp-block-image size-large\"><img loading=\"lazy\" decoding=\"async\" width=\"1024\" height=\"862\" src=\"https:\/\/sc-ohlsbach.de\/wp-content\/uploads\/2025\/07\/IMG-20250412-WA0038-1024x862.jpg\" alt=\"\" class=\"wp-image-296\" srcset=\"https:\/\/sc-ohlsbach.de\/wp-content\/uploads\/2025\/07\/IMG-20250412-WA0038-1024x862.jpg 1024w, https:\/\/sc-ohlsbach.de\/wp-content\/uploads\/2025\/07\/IMG-20250412-WA0038-300x253.jpg 300w, https:\/\/sc-ohlsbach.de\/wp-content\/uploads\/2025\/07\/IMG-20250412-WA0038-768x646.jpg 768w, https:\/\/sc-ohlsbach.de\/wp-content\/uploads\/2025\/07\/IMG-20250412-WA0038-1536x1293.jpg 1536w, https:\/\/sc-ohlsbach.de\/wp-content\/uploads\/2025\/07\/IMG-20250412-WA0038.jpg 1643w\" sizes=\"auto, (max-width: 1024px) 100vw, 1024px\" \/><\/figure>\n\n\n\n<p class=\"wp-block-paragraph\">Sieger der A-Gruppe wurde<strong>&nbsp;<\/strong><strong>Linus Caspary, SK Appenweier<\/strong><\/p>\n\n\n\n<p class=\"wp-block-paragraph\">Den 2.Platz holte sich<strong>&nbsp;<\/strong><strong>Vincent Broszeit vom SC Brandeck-Turm Ohlsbach<\/strong><\/p>\n\n\n\n<p class=\"wp-block-paragraph\">Den 3. Platz sicherte sich&nbsp;<strong>Valentina Jakowischina von der SVG Offenburg<\/strong>&nbsp;<\/p>\n\n\n\n<figure class=\"wp-block-image size-large\"><img loading=\"lazy\" decoding=\"async\" width=\"1024\" height=\"888\" src=\"https:\/\/sc-ohlsbach.de\/wp-content\/uploads\/2025\/07\/IMG-20250412-WA0035-1024x888.jpg\" alt=\"\" class=\"wp-image-309\" srcset=\"https:\/\/sc-ohlsbach.de\/wp-content\/uploads\/2025\/07\/IMG-20250412-WA0035-1024x888.jpg 1024w, https:\/\/sc-ohlsbach.de\/wp-content\/uploads\/2025\/07\/IMG-20250412-WA0035-300x260.jpg 300w, https:\/\/sc-ohlsbach.de\/wp-content\/uploads\/2025\/07\/IMG-20250412-WA0035-768x666.jpg 768w, https:\/\/sc-ohlsbach.de\/wp-content\/uploads\/2025\/07\/IMG-20250412-WA0035-1536x1331.jpg 1536w, https:\/\/sc-ohlsbach.de\/wp-content\/uploads\/2025\/07\/IMG-20250412-WA0035-311x270.jpg 311w, https:\/\/sc-ohlsbach.de\/wp-content\/uploads\/2025\/07\/IMG-20250412-WA0035.jpg 1539w\" sizes=\"auto, (max-width: 1024px) 100vw, 1024px\" \/><\/figure>\n\n\n\n<p class=\"wp-block-paragraph\">Auf den weiteren Pl\u00e4tzen landeten&nbsp;<strong>Alexander Morgel<\/strong>,&nbsp;<strong>Emma Stoll<\/strong>,<strong>&nbsp;<\/strong><strong>Carl Platt<\/strong>&nbsp;und&nbsp;<strong>Jamie Ngo<\/strong>, alle vom SK Lahr<\/p>\n\n\n\n<p class=\"wp-block-paragraph\"><\/p>\n\n\n\n<p class=\"wp-block-paragraph\">In der<strong>&nbsp;<\/strong><strong>B-Gruppe<\/strong>&nbsp;starteten Kinder, die das erste Mal an einem Schachturnier teilnahmen. Es wurden&nbsp;<strong>7 Runden mit jeweils 15 min Bedenkzeit<\/strong>&nbsp;ausgespielt. Leider wurde die Siegerehrung von einer kleinen Irritation \u00fcberschattet. So wurde in der letzten Runde ein falsches Ergebnis gemeldet. Die Urkunden waren geschrieben. Auch die Freude, einen kleinen Pokal zu gewinnen, machte schon die Runde. Wir bedanken uns ganz herzlich bei&nbsp;<strong>Bernd Schmider vom SK Lahr<\/strong>, der uns konstruktiv bei einer zufriedenstellenden L\u00f6sung unterst\u00fctzt hat. Der 3. Platz wird geteilt und der SC Brandeck-Turm Ohlsbach liefert die Pokale nach, so dass in den betroffenen Vereinen eine angemessene Ehrung nachgeholt werden kann.<\/p>\n\n\n\n<figure class=\"wp-block-image size-large\"><img loading=\"lazy\" decoding=\"async\" width=\"1024\" height=\"930\" src=\"https:\/\/sc-ohlsbach.de\/wp-content\/uploads\/2025\/07\/IMG-20250412-WA0002-1024x930.jpg\" alt=\"\" class=\"wp-image-310\" srcset=\"https:\/\/sc-ohlsbach.de\/wp-content\/uploads\/2025\/07\/IMG-20250412-WA0002-1024x930.jpg 1024w, https:\/\/sc-ohlsbach.de\/wp-content\/uploads\/2025\/07\/IMG-20250412-WA0002-300x273.jpg 300w, https:\/\/sc-ohlsbach.de\/wp-content\/uploads\/2025\/07\/IMG-20250412-WA0002-768x698.jpg 768w, https:\/\/sc-ohlsbach.de\/wp-content\/uploads\/2025\/07\/IMG-20250412-WA0002-297x270.jpg 297w, https:\/\/sc-ohlsbach.de\/wp-content\/uploads\/2025\/07\/IMG-20250412-WA0002.jpg 1500w\" sizes=\"auto, (max-width: 1024px) 100vw, 1024px\" \/><\/figure>\n\n\n\n<p class=\"wp-block-paragraph\">Sieger der B-Gruppe wurde&nbsp;<strong>David Gabriel Muraru vom SK Lahr<\/strong><\/p>\n\n\n\n<p class=\"wp-block-paragraph\">Den 2.Platz sicherte sich&nbsp;<strong>Tim Vollmer vom SK Appenweier<\/strong><\/p>\n\n\n\n<p class=\"wp-block-paragraph\">Der 3. Platz geht an<strong>&nbsp;<\/strong><strong>Georg G\u00fcttler vom SC Brandeck-Turm Ohlsbach<\/strong>. Er teilt sich diesen Platz mit&nbsp;<strong>Daniel Werner vom SK Lahr<\/strong>&nbsp;und&nbsp;<strong>Alexander Bednarsky vom SK Appenweier<\/strong>. F\u00fcr Daniel und Alexander werden wir zeitnah die Pokale nachliefern.<\/p>\n\n\n\n<p class=\"wp-block-paragraph\">Wir bedanken uns bei den&nbsp;<strong>M\u00fcttern der Ohlsbacher Schachkids<\/strong>, die f\u00fcr ausreichend Kuchen gesorgt hatten und die Kinder rundum toll versorgt haben.<\/p>\n\n\n\n<p class=\"wp-block-paragraph\">Beide Turniere standen unter der Leitung des neuen&nbsp;<strong>Regional-Schiedsrichters Sven Eberius<\/strong>&nbsp;vom gastgebenden SC Brandeck-Turm e.V. Ohlsbach. Es war sein erstes Turnier nach der Ausbildung. Von allen Vereinsvertretern wurde ihm eine ausgezeichnete Turnierleitung attestiert. Auch ihm danken wir ganz herzlich f\u00fcr seinen Einsatz.<\/p>\n\n\n\n<p class=\"wp-block-paragraph\">Und wieder einmal zeigte sich, dass das Ohlsbacher Dorfgemeinschaftshaus \u201cZipfelhusen\u201d ein geeigneter Ort f\u00fcr Schachturniere ist. Wir bedanken uns bei der&nbsp;<strong>Gemeinde Ohlsbach<\/strong>, dass wir diesen sch\u00f6nen Veranstaltungsort nutzen d\u00fcrfen.<\/p>\n\n\n\n<figure class=\"wp-block-gallery has-nested-images columns-default is-cropped wp-block-gallery-1 is-layout-flex wp-block-gallery-is-layout-flex\">\n<figure class=\"wp-block-image size-large\"><img loading=\"lazy\" decoding=\"async\" width=\"763\" height=\"1024\" data-id=\"315\" src=\"https:\/\/sc-ohlsbach.de\/wp-content\/uploads\/2025\/07\/02_20250412_162325-763x1024.jpg\" alt=\"\" class=\"wp-image-315\" srcset=\"https:\/\/sc-ohlsbach.de\/wp-content\/uploads\/2025\/07\/02_20250412_162325-763x1024.jpg 763w, https:\/\/sc-ohlsbach.de\/wp-content\/uploads\/2025\/07\/02_20250412_162325-223x300.jpg 223w, https:\/\/sc-ohlsbach.de\/wp-content\/uploads\/2025\/07\/02_20250412_162325-768x1031.jpg 768w, https:\/\/sc-ohlsbach.de\/wp-content\/uploads\/2025\/07\/02_20250412_162325-1144x1536.jpg 1144w, https:\/\/sc-ohlsbach.de\/wp-content\/uploads\/2025\/07\/02_20250412_162325-1526x2048.jpg 1526w, https:\/\/sc-ohlsbach.de\/wp-content\/uploads\/2025\/07\/02_20250412_162325-201x270.jpg 201w, https:\/\/sc-ohlsbach.de\/wp-content\/uploads\/2025\/07\/02_20250412_162325-scaled.jpg 1907w\" sizes=\"auto, (max-width: 763px) 100vw, 763px\" \/><\/figure>\n\n\n\n<figure class=\"wp-block-image size-large\"><img loading=\"lazy\" decoding=\"async\" width=\"894\" height=\"1024\" data-id=\"318\" src=\"https:\/\/sc-ohlsbach.de\/wp-content\/uploads\/2025\/07\/05_20250412_165505-894x1024.jpg\" alt=\"\" class=\"wp-image-318\" srcset=\"https:\/\/sc-ohlsbach.de\/wp-content\/uploads\/2025\/07\/05_20250412_165505-894x1024.jpg 894w, https:\/\/sc-ohlsbach.de\/wp-content\/uploads\/2025\/07\/05_20250412_165505-262x300.jpg 262w, https:\/\/sc-ohlsbach.de\/wp-content\/uploads\/2025\/07\/05_20250412_165505-768x880.jpg 768w, https:\/\/sc-ohlsbach.de\/wp-content\/uploads\/2025\/07\/05_20250412_165505-1341x1536.jpg 1341w, https:\/\/sc-ohlsbach.de\/wp-content\/uploads\/2025\/07\/05_20250412_165505-1788x2048.jpg 1788w, https:\/\/sc-ohlsbach.de\/wp-content\/uploads\/2025\/07\/05_20250412_165505-236x270.jpg 236w\" sizes=\"auto, (max-width: 894px) 100vw, 894px\" \/><\/figure>\n\n\n\n<figure class=\"wp-block-image size-large\"><img loading=\"lazy\" decoding=\"async\" width=\"759\" height=\"1024\" data-id=\"313\" src=\"https:\/\/sc-ohlsbach.de\/wp-content\/uploads\/2025\/07\/01_20250412_162347-759x1024.jpg\" alt=\"\" class=\"wp-image-313\" srcset=\"https:\/\/sc-ohlsbach.de\/wp-content\/uploads\/2025\/07\/01_20250412_162347-759x1024.jpg 759w, https:\/\/sc-ohlsbach.de\/wp-content\/uploads\/2025\/07\/01_20250412_162347-222x300.jpg 222w, https:\/\/sc-ohlsbach.de\/wp-content\/uploads\/2025\/07\/01_20250412_162347-768x1037.jpg 768w, https:\/\/sc-ohlsbach.de\/wp-content\/uploads\/2025\/07\/01_20250412_162347-1138x1536.jpg 1138w, https:\/\/sc-ohlsbach.de\/wp-content\/uploads\/2025\/07\/01_20250412_162347-1517x2048.jpg 1517w, https:\/\/sc-ohlsbach.de\/wp-content\/uploads\/2025\/07\/01_20250412_162347-200x270.jpg 200w, https:\/\/sc-ohlsbach.de\/wp-content\/uploads\/2025\/07\/01_20250412_162347-scaled.jpg 1897w\" sizes=\"auto, (max-width: 759px) 100vw, 759px\" \/><\/figure>\n\n\n\n<figure class=\"wp-block-image size-large\"><img loading=\"lazy\" decoding=\"async\" width=\"951\" height=\"1024\" data-id=\"316\" src=\"https:\/\/sc-ohlsbach.de\/wp-content\/uploads\/2025\/07\/04_20250412_174522-951x1024.jpg\" alt=\"\" class=\"wp-image-316\" srcset=\"https:\/\/sc-ohlsbach.de\/wp-content\/uploads\/2025\/07\/04_20250412_174522-951x1024.jpg 951w, https:\/\/sc-ohlsbach.de\/wp-content\/uploads\/2025\/07\/04_20250412_174522-279x300.jpg 279w, https:\/\/sc-ohlsbach.de\/wp-content\/uploads\/2025\/07\/04_20250412_174522-768x827.jpg 768w, https:\/\/sc-ohlsbach.de\/wp-content\/uploads\/2025\/07\/04_20250412_174522-1426x1536.jpg 1426w, https:\/\/sc-ohlsbach.de\/wp-content\/uploads\/2025\/07\/04_20250412_174522-1901x2048.jpg 1901w, https:\/\/sc-ohlsbach.de\/wp-content\/uploads\/2025\/07\/04_20250412_174522-251x270.jpg 251w\" sizes=\"auto, (max-width: 951px) 100vw, 951px\" \/><\/figure>\n\n\n\n<figure class=\"wp-block-image size-large\"><img loading=\"lazy\" decoding=\"async\" width=\"870\" height=\"1024\" data-id=\"312\" src=\"https:\/\/sc-ohlsbach.de\/wp-content\/uploads\/2025\/07\/Kinderturnier2025_allg3-870x1024.jpg\" alt=\"\" class=\"wp-image-312\" srcset=\"https:\/\/sc-ohlsbach.de\/wp-content\/uploads\/2025\/07\/Kinderturnier2025_allg3-870x1024.jpg 870w, https:\/\/sc-ohlsbach.de\/wp-content\/uploads\/2025\/07\/Kinderturnier2025_allg3-255x300.jpg 255w, https:\/\/sc-ohlsbach.de\/wp-content\/uploads\/2025\/07\/Kinderturnier2025_allg3-768x904.jpg 768w, https:\/\/sc-ohlsbach.de\/wp-content\/uploads\/2025\/07\/Kinderturnier2025_allg3-229x270.jpg 229w, https:\/\/sc-ohlsbach.de\/wp-content\/uploads\/2025\/07\/Kinderturnier2025_allg3.jpg 1210w\" sizes=\"auto, (max-width: 870px) 100vw, 870px\" \/><\/figure>\n<\/figure>\n","protected":false},"excerpt":{"rendered":"<p>Am Samstag, den 12.04.2025 fand das Kinderturnier 2025 statt. Es war ein Einladungsturnier f\u00fcr Kinder, die neu in ihren Vereinen sind oder \u00fcber Schulschach-Gruppen an das Schachspiel herangef\u00fchrt wurden. F\u00fcr viele Kinder war es das erste Turnier.&nbsp; In der&nbsp;A-Gruppe&nbsp;starteten Kinder, die schon gr\u00f6\u00dfere Erfahrungen hatten und dies teilweise auch in Verbandsmannschaften im Ligabetrieb nachweisen konnten. Der A-Gruppe wurden 7 Kinder zugeteilt, die in einem&nbsp;Rundenturnier jeder gegen jeden&nbsp;antraten. Sieger der A-Gruppe wurde&nbsp;Linus Caspary, SK Appenweier Den 2.Platz holte sich&nbsp;Vincent Broszeit vom&#8230;<\/p>\n<p class=\"read-more\"><a class=\"btn btn-default\" href=\"https:\/\/sc-ohlsbach.de\/?page_id=337\">Weiterlesen<span class=\"screen-reader-text\"> Weiterlesen<\/span><\/a><\/p>\n","protected":false},"author":1,"featured_media":0,"parent":0,"menu_order":0,"comment_status":"closed","ping_status":"closed","template":"","meta":{"_crdt_document":"","_price":"","_stock":"","_tribe_ticket_header":"","_tribe_default_ticket_provider":"","_tribe_ticket_capacity":"0","_ticket_start_date":"","_ticket_end_date":"","_tribe_ticket_show_description":"","_tribe_ticket_show_not_going":false,"_tribe_ticket_use_global_stock":"","_tribe_ticket_global_stock_level":"","_global_stock_mode":"","_global_stock_cap":"","_tribe_rsvp_for_event":"","_tribe_ticket_going_count":"","_tribe_ticket_not_going_count":"","_tribe_tickets_list":"[]","_tribe_ticket_has_attendee_info_fields":false,"_kadence_starter_templates_imported_post":false,"_swpsp_post_exclude":false,"footnotes":"","_tec_slr_enabled":"","_tec_slr_layout":""},"class_list":["post-337","page","type-page","status-publish","hentry"],"ticketed":false,"_links":{"self":[{"href":"https:\/\/sc-ohlsbach.de\/index.php?rest_route=\/wp\/v2\/pages\/337","targetHints":{"allow":["GET"]}}],"collection":[{"href":"https:\/\/sc-ohlsbach.de\/index.php?rest_route=\/wp\/v2\/pages"}],"about":[{"href":"https:\/\/sc-ohlsbach.de\/index.php?rest_route=\/wp\/v2\/types\/page"}],"author":[{"embeddable":true,"href":"https:\/\/sc-ohlsbach.de\/index.php?rest_route=\/wp\/v2\/users\/1"}],"replies":[{"embeddable":true,"href":"https:\/\/sc-ohlsbach.de\/index.php?rest_route=%2Fwp%2Fv2%2Fcomments&post=337"}],"version-history":[{"count":5,"href":"https:\/\/sc-ohlsbach.de\/index.php?rest_route=\/wp\/v2\/pages\/337\/revisions"}],"predecessor-version":[{"id":1391,"href":"https:\/\/sc-ohlsbach.de\/index.php?rest_route=\/wp\/v2\/pages\/337\/revisions\/1391"}],"wp:attachment":[{"href":"https:\/\/sc-ohlsbach.de\/index.php?rest_route=%2Fwp%2Fv2%2Fmedia&parent=337"}],"curies":[{"name":"wp","href":"https:\/\/api.w.org\/{rel}","templated":true}]}}